{"id":113,"date":"2023-04-13T13:51:33","date_gmt":"2023-04-13T11:51:33","guid":{"rendered":"https:\/\/jftelectrical.de\/?page_id=113"},"modified":"2024-03-27T14:44:51","modified_gmt":"2024-03-27T13:44:51","slug":"impressum","status":"publish","type":"page","link":"https:\/\/jftelectrical.de\/en\/impressum\/","title":{"rendered":"Imprint"},"content":{"rendered":"<div data-elementor-type=\"wp-page\" data-elementor-id=\"113\" class=\"elementor elementor-113\" data-elementor-post-type=\"page\">\n\t\t\t\t\t\t<section class=\"elementor-section elementor-top-section elementor-element elementor-element-a70b596 elementor-section-boxed elementor-section-height-default elementor-section-height-default\" data-id=\"a70b596\" data-element_type=\"section\" data-settings=\"{&quot;background_background&quot;:&quot;classic&quot;}\">\n\t\t\t\t\t\t<div class=\"elementor-container elementor-column-gap-default\">\n\t\t\t\t\t<div class=\"elementor-column elementor-col-100 elementor-top-column elementor-element elementor-element-426ca35\" data-id=\"426ca35\" data-element_type=\"column\">\n\t\t\t<div class=\"elementor-widget-wrap elementor-element-populated\">\n\t\t\t\t\t\t<div class=\"elementor-element elementor-element-5107e9c elementor-widget elementor-widget-heading\" data-id=\"5107e9c\" data-element_type=\"widget\" data-widget_type=\"heading.default\">\n\t\t\t\t<div class=\"elementor-widget-container\">\n\t\t\t<style>\/*! elementor - v3.21.0 - 30-04-2024 *\/\n.elementor-heading-title{padding:0;margin:0;line-height:1}.elementor-widget-heading .elementor-heading-title[class*=elementor-size-]>a{color:inherit;font-size:inherit;line-height:inherit}.elementor-widget-heading .elementor-heading-title.elementor-size-small{font-size:15px}.elementor-widget-heading .elementor-heading-title.elementor-size-medium{font-size:19px}.elementor-widget-heading .elementor-heading-title.elementor-size-large{font-size:29px}.elementor-widget-heading .elementor-heading-title.elementor-size-xl{font-size:39px}.elementor-widget-heading .elementor-heading-title.elementor-size-xxl{font-size:59px}<\/style><h1 class=\"elementor-heading-title elementor-size-default\">Imprint<\/h1>\t\t<\/div>\n\t\t\t\t<\/div>\n\t\t\t\t<div class=\"elementor-element elementor-element-b693126 elementor-widget elementor-widget-text-editor\" data-id=\"b693126\" data-element_type=\"widget\" id=\"impressum\" data-widget_type=\"text-editor.default\">\n\t\t\t\t<div class=\"elementor-widget-container\">\n\t\t\t<style>\/*! elementor - v3.21.0 - 30-04-2024 *\/\n.elementor-widget-text-editor.elementor-drop-cap-view-stacked .elementor-drop-cap{background-color:#69727d;color:#fff}.elementor-widget-text-editor.elementor-drop-cap-view-framed .elementor-drop-cap{color:#69727d;border:3px solid;background-color:transparent}.elementor-widget-text-editor:not(.elementor-drop-cap-view-default) .elementor-drop-cap{margin-top:8px}.elementor-widget-text-editor:not(.elementor-drop-cap-view-default) .elementor-drop-cap-letter{width:1em;height:1em}.elementor-widget-text-editor .elementor-drop-cap{float:left;text-align:center;line-height:1;font-size:50px}.elementor-widget-text-editor .elementor-drop-cap-letter{display:inline-block}<\/style>\t\t\t\t<p>JFT Electrical Solutions UG (haftungsbeschr\u00e4nkt)<br>Tobias Neudecker, James Newstead, Fabio Winterbauer<br>Steuernummer: 141 \/ 129 60 121<\/p><p>Umsatzsteuer-ID gem\u00e4\u00df \u00a7 27 a Umsatzsteuergesetz: DE360875354<\/p>\n<p>Amtsgericht Traunstein HRB 31923<br><\/p>\n<p>Anschrift: Salzburgstra\u00dfe 10 &#8211; 84453 M\u00fchldorf am Inn<br>Telefon: <a href=\"tel: 491605636951\">+49 160 5636951<\/a><br>E-Mail: <a href=\"mailto:info@jftelectrical.de\" target=\"_blank\" rel=\"noopener\">info@jftelectrical.de<\/a><\/p>\n<p>Rechtlicher Hinweis: Die EU hat ein Online-Verfahren zur Beilegung von Streitigkeiten zwischen Unternehmern und Verbrauchern geschaffen. Informationen dazu finden Sie unter&nbsp;<a href=\"https:\/\/ec.europa.eu\/consumers\/odr\/\" target=\"_blank\" rel=\"noopener\">https:\/\/ec.europa.eu\/consumers\/odr\/<\/a>.<br>Haftungshinweis: Trotz sorgf\u00e4ltiger inhaltlicher Kontrolle \u00fcbernehmen wir keine Haftung f\u00fcr die Inhalte externer Links. F\u00fcr den Inhalt der verlinkten Seiten sind ausschlie\u00dflich deren Betreiber verantwortlich.<\/p>\t\t\t\t\t\t<\/div>\n\t\t\t\t<\/div>\n\t\t\t\t\t<\/div>\n\t\t<\/div>\n\t\t\t\t\t<\/div>\n\t\t<\/section>\n\t\t\t\t<\/div>","protected":false},"excerpt":{"rendered":"<p>Hier finden Sie das Impressum der Firma JFT Electrical Solutions.<\/p>","protected":false},"author":1,"featured_media":1048,"parent":0,"menu_order":0,"comment_status":"closed","ping_status":"closed","template":"","meta":{"footnotes":""},"class_list":["post-113","page","type-page","status-publish","has-post-thumbnail","hentry"],"yoast_head":"<!-- This site is optimized with the Yoast SEO plugin v22.6 - https:\/\/yoast.com\/wordpress\/plugins\/seo\/ -->\n<title>Impressum Elektrohandwerk - JFT Electrical Solutions<\/title>\n<meta name=\"description\" content=\"Hier finden Sie das Impressum der Firma JFT (Elektrohandwerk). Melden Sie sich bei Fragen zur Elektrotechnik gerne an unser Team.\" \/>\n<meta name=\"robots\" content=\"index, follow, max-snippet:-1, max-image-preview:large, max-video-preview:-1\" \/>\n<link rel=\"canonical\" href=\"https:\/\/jftelectrical.de\/en\/impressum\/\" \/>\n<meta property=\"og:locale\" content=\"en_GB\" \/>\n<meta property=\"og:type\" content=\"article\" \/>\n<meta property=\"og:title\" content=\"Impressum Elektrohandwerk - JFT Electrical Solutions\" \/>\n<meta property=\"og:description\" content=\"Hier finden Sie das Impressum der Firma JFT (Elektrohandwerk). Melden Sie sich bei Fragen zur Elektrotechnik gerne an unser Team.\" \/>\n<meta property=\"og:url\" content=\"https:\/\/jftelectrical.de\/en\/impressum\/\" \/>\n<meta property=\"og:site_name\" content=\"JFT Electrical Solutions\" \/>\n<meta property=\"article:modified_time\" content=\"2024-03-27T13:44:51+00:00\" \/>\n<meta property=\"og:image\" content=\"https:\/\/jftelectrical.de\/wp-content\/uploads\/2023\/05\/JFT_White_on_Black.jpg\" \/>\n\t<meta property=\"og:image:width\" content=\"1043\" \/>\n\t<meta property=\"og:image:height\" content=\"1043\" \/>\n\t<meta property=\"og:image:type\" content=\"image\/jpeg\" \/>\n<meta name=\"twitter:card\" content=\"summary_large_image\" \/>\n<meta name=\"twitter:label1\" content=\"Estimated reading time\" \/>\n\t<meta name=\"twitter:data1\" content=\"1 minute\" \/>\n<script type=\"application\/ld+json\" class=\"yoast-schema-graph\">{\"@context\":\"https:\/\/schema.org\",\"@graph\":[{\"@type\":\"WebPage\",\"@id\":\"https:\/\/jftelectrical.de\/impressum\/\",\"url\":\"https:\/\/jftelectrical.de\/impressum\/\",\"name\":\"Impressum Elektrohandwerk - JFT Electrical Solutions\",\"isPartOf\":{\"@id\":\"https:\/\/jftelectrical.de\/#website\"},\"primaryImageOfPage\":{\"@id\":\"https:\/\/jftelectrical.de\/impressum\/#primaryimage\"},\"image\":{\"@id\":\"https:\/\/jftelectrical.de\/impressum\/#primaryimage\"},\"thumbnailUrl\":\"https:\/\/jftelectrical.de\/wp-content\/uploads\/2023\/05\/JFT_White_on_Black.jpg\",\"datePublished\":\"2023-04-13T11:51:33+00:00\",\"dateModified\":\"2024-03-27T13:44:51+00:00\",\"description\":\"Hier finden Sie das Impressum der Firma JFT (Elektrohandwerk). Melden Sie sich bei Fragen zur Elektrotechnik gerne an unser Team.\",\"breadcrumb\":{\"@id\":\"https:\/\/jftelectrical.de\/impressum\/#breadcrumb\"},\"inLanguage\":\"en-GB\",\"potentialAction\":[{\"@type\":\"ReadAction\",\"target\":[\"https:\/\/jftelectrical.de\/impressum\/\"]}]},{\"@type\":\"ImageObject\",\"inLanguage\":\"en-GB\",\"@id\":\"https:\/\/jftelectrical.de\/impressum\/#primaryimage\",\"url\":\"https:\/\/jftelectrical.de\/wp-content\/uploads\/2023\/05\/JFT_White_on_Black.jpg\",\"contentUrl\":\"https:\/\/jftelectrical.de\/wp-content\/uploads\/2023\/05\/JFT_White_on_Black.jpg\",\"width\":1043,\"height\":1043,\"caption\":\"Logo von JFT Electrical Solutions. Ihre Adresse f\u00fcr Elektrotechnik.\"},{\"@type\":\"BreadcrumbList\",\"@id\":\"https:\/\/jftelectrical.de\/impressum\/#breadcrumb\",\"itemListElement\":[{\"@type\":\"ListItem\",\"position\":1,\"name\":\"Startseite\",\"item\":\"https:\/\/jftelectrical.de\/\"},{\"@type\":\"ListItem\",\"position\":2,\"name\":\"Impressum\"}]},{\"@type\":\"WebSite\",\"@id\":\"https:\/\/jftelectrical.de\/#website\",\"url\":\"https:\/\/jftelectrical.de\/\",\"name\":\"JFT Electrical Solutions\",\"description\":\"Elektroinstallations- und Elektrohandwerksdienstleistungen\",\"publisher\":{\"@id\":\"https:\/\/jftelectrical.de\/#organization\"},\"alternateName\":\"L\u00f6sungen f\u00fcr Elektrotechnik\",\"potentialAction\":[{\"@type\":\"SearchAction\",\"target\":{\"@type\":\"EntryPoint\",\"urlTemplate\":\"https:\/\/jftelectrical.de\/?s={search_term_string}\"},\"query-input\":\"required name=search_term_string\"}],\"inLanguage\":\"en-GB\"},{\"@type\":\"Organization\",\"@id\":\"https:\/\/jftelectrical.de\/#organization\",\"name\":\"JFT Electrical Solutions\",\"alternateName\":\"L\u00f6sungen f\u00fcr Elektrotechnik\",\"url\":\"https:\/\/jftelectrical.de\/\",\"logo\":{\"@type\":\"ImageObject\",\"inLanguage\":\"en-GB\",\"@id\":\"https:\/\/jftelectrical.de\/#\/schema\/logo\/image\/\",\"url\":\"https:\/\/jftelectrical.de\/wp-content\/uploads\/2023\/04\/JFT_Black_Logo.png\",\"contentUrl\":\"https:\/\/jftelectrical.de\/wp-content\/uploads\/2023\/04\/JFT_Black_Logo.png\",\"width\":1530,\"height\":800,\"caption\":\"JFT Electrical Solutions\"},\"image\":{\"@id\":\"https:\/\/jftelectrical.de\/#\/schema\/logo\/image\/\"},\"sameAs\":[\"https:\/\/www.instagram.com\/jft_electrical_solutions\/\",\"https:\/\/www.linkedin.com\/company\/jft-electrical-solutions\/\"]}]}<\/script>\n<!-- \/ Yoast SEO plugin. -->","yoast_head_json":{"title":"Impressum Elektrohandwerk - JFT Electrical Solutions","description":"Hier finden Sie das Impressum der Firma JFT (Elektrohandwerk). Melden Sie sich bei Fragen zur Elektrotechnik gerne an unser Team.","robots":{"index":"index","follow":"follow","max-snippet":"max-snippet:-1","max-image-preview":"max-image-preview:large","max-video-preview":"max-video-preview:-1"},"canonical":"https:\/\/jftelectrical.de\/en\/impressum\/","og_locale":"en_GB","og_type":"article","og_title":"Impressum Elektrohandwerk - JFT Electrical Solutions","og_description":"Hier finden Sie das Impressum der Firma JFT (Elektrohandwerk). Melden Sie sich bei Fragen zur Elektrotechnik gerne an unser Team.","og_url":"https:\/\/jftelectrical.de\/en\/impressum\/","og_site_name":"JFT Electrical Solutions","article_modified_time":"2024-03-27T13:44:51+00:00","og_image":[{"width":1043,"height":1043,"url":"https:\/\/jftelectrical.de\/wp-content\/uploads\/2023\/05\/JFT_White_on_Black.jpg","type":"image\/jpeg"}],"twitter_card":"summary_large_image","twitter_misc":{"Estimated reading time":"1 minute"},"schema":{"@context":"https:\/\/schema.org","@graph":[{"@type":"WebPage","@id":"https:\/\/jftelectrical.de\/impressum\/","url":"https:\/\/jftelectrical.de\/impressum\/","name":"Impressum Elektrohandwerk - JFT Electrical Solutions","isPartOf":{"@id":"https:\/\/jftelectrical.de\/#website"},"primaryImageOfPage":{"@id":"https:\/\/jftelectrical.de\/impressum\/#primaryimage"},"image":{"@id":"https:\/\/jftelectrical.de\/impressum\/#primaryimage"},"thumbnailUrl":"https:\/\/jftelectrical.de\/wp-content\/uploads\/2023\/05\/JFT_White_on_Black.jpg","datePublished":"2023-04-13T11:51:33+00:00","dateModified":"2024-03-27T13:44:51+00:00","description":"Hier finden Sie das Impressum der Firma JFT (Elektrohandwerk). Melden Sie sich bei Fragen zur Elektrotechnik gerne an unser Team.","breadcrumb":{"@id":"https:\/\/jftelectrical.de\/impressum\/#breadcrumb"},"inLanguage":"en-GB","potentialAction":[{"@type":"ReadAction","target":["https:\/\/jftelectrical.de\/impressum\/"]}]},{"@type":"ImageObject","inLanguage":"en-GB","@id":"https:\/\/jftelectrical.de\/impressum\/#primaryimage","url":"https:\/\/jftelectrical.de\/wp-content\/uploads\/2023\/05\/JFT_White_on_Black.jpg","contentUrl":"https:\/\/jftelectrical.de\/wp-content\/uploads\/2023\/05\/JFT_White_on_Black.jpg","width":1043,"height":1043,"caption":"Logo von JFT Electrical Solutions. Ihre Adresse f\u00fcr Elektrotechnik."},{"@type":"BreadcrumbList","@id":"https:\/\/jftelectrical.de\/impressum\/#breadcrumb","itemListElement":[{"@type":"ListItem","position":1,"name":"Startseite","item":"https:\/\/jftelectrical.de\/"},{"@type":"ListItem","position":2,"name":"Impressum"}]},{"@type":"WebSite","@id":"https:\/\/jftelectrical.de\/#website","url":"https:\/\/jftelectrical.de\/","name":"JFT Electrical Solutions","description":"Elektroinstallations- und Elektrohandwerksdienstleistungen","publisher":{"@id":"https:\/\/jftelectrical.de\/#organization"},"alternateName":"L\u00f6sungen f\u00fcr Elektrotechnik","potentialAction":[{"@type":"SearchAction","target":{"@type":"EntryPoint","urlTemplate":"https:\/\/jftelectrical.de\/?s={search_term_string}"},"query-input":"required name=search_term_string"}],"inLanguage":"en-GB"},{"@type":"Organization","@id":"https:\/\/jftelectrical.de\/#organization","name":"JFT Electrical Solutions","alternateName":"L\u00f6sungen f\u00fcr Elektrotechnik","url":"https:\/\/jftelectrical.de\/","logo":{"@type":"ImageObject","inLanguage":"en-GB","@id":"https:\/\/jftelectrical.de\/#\/schema\/logo\/image\/","url":"https:\/\/jftelectrical.de\/wp-content\/uploads\/2023\/04\/JFT_Black_Logo.png","contentUrl":"https:\/\/jftelectrical.de\/wp-content\/uploads\/2023\/04\/JFT_Black_Logo.png","width":1530,"height":800,"caption":"JFT Electrical Solutions"},"image":{"@id":"https:\/\/jftelectrical.de\/#\/schema\/logo\/image\/"},"sameAs":["https:\/\/www.instagram.com\/jft_electrical_solutions\/","https:\/\/www.linkedin.com\/company\/jft-electrical-solutions\/"]}]}},"_links":{"self":[{"href":"https:\/\/jftelectrical.de\/en\/wp-json\/wp\/v2\/pages\/113","targetHints":{"allow":["GET"]}}],"collection":[{"href":"https:\/\/jftelectrical.de\/en\/wp-json\/wp\/v2\/pages"}],"about":[{"href":"https:\/\/jftelectrical.de\/en\/wp-json\/wp\/v2\/types\/page"}],"author":[{"embeddable":true,"href":"https:\/\/jftelectrical.de\/en\/wp-json\/wp\/v2\/users\/1"}],"replies":[{"embeddable":true,"href":"https:\/\/jftelectrical.de\/en\/wp-json\/wp\/v2\/comments?post=113"}],"version-history":[{"count":4,"href":"https:\/\/jftelectrical.de\/en\/wp-json\/wp\/v2\/pages\/113\/revisions"}],"predecessor-version":[{"id":1257,"href":"https:\/\/jftelectrical.de\/en\/wp-json\/wp\/v2\/pages\/113\/revisions\/1257"}],"wp:featuredmedia":[{"embeddable":true,"href":"https:\/\/jftelectrical.de\/en\/wp-json\/wp\/v2\/media\/1048"}],"wp:attachment":[{"href":"https:\/\/jftelectrical.de\/en\/wp-json\/wp\/v2\/media?parent=113"}],"curies":[{"name":"wp","href":"https:\/\/api.w.org\/{rel}","templated":true}]}}